{"id":9,"date":"2022-03-31T19:48:11","date_gmt":"2022-03-31T17:48:11","guid":{"rendered":"https:\/\/notariuszkrol.pl\/?page_id=9"},"modified":"2022-11-15T11:49:25","modified_gmt":"2022-11-15T10:49:25","slug":"oplaty","status":"publish","type":"page","link":"https:\/\/notariuszkrol.pl\/index.php\/oplaty\/","title":{"rendered":"Op\u0142aty"},"content":{"rendered":"    <!--[section]-->\n\t\t\t\t<section id=section4 class=\" bd-section-1496679625  bd-tagstyles\" data-section-title=\"One \u0421olumn\">\n\t\t\t<div class=\"bd-container-inner bd-margins clearfix\">\n\t\t\t\t<!--{content}-->\n\t\t\t\t\t    <!--[columns]-->\n        <style>\n.bd-layoutcontainer-43891433  > .bd-container-inner > .container-fluid:after{display:none;}<\/style><style>\n.bd-layoutcontainer-43891433 > .bd-container-inner > .container-fluid, .bd-layoutcontainer-43891433 > .bd-container-inner > .container-fluid > .row{height:100%;}<\/style><style>.bd-layoutcontainer-43891433 > .bd-container-inner > .container-fluid {padding-left: 0; padding-right: 0;}<\/style>        <style><\/style>        <div class=\" bd-layoutcontainer-43891433  bd-columns bd-no-margins\">\n            <div class=\"bd-container-inner\">\n                <div class=\"container-fluid\">\n                    <div class=\"row bd-row-flex bd-row-align-middle\">\n                        <!--{content}-->\n                                <!--[column]-->\n        <div class=\"col-xs-12 bd-columnwrapper-1805358828\">\n            <div class=\"bd-column  bd-layoutcolumn-1805358828 \">\n                <div class=\"bd-vertical-align-wrapper\">\n                    <!--{content}-->\n                            <!--[text]-->\n        <style>\nh1.additional-class-2010276555{\n\tline-height:  51.42857144px;\n\tfont-size:  36px;\n\ttext-decoration:  solid #555555;\n\ttext-align:  center;\n\tfont-weight:  300;\n}\n<\/style>        <h1 class=\" additional-class-2010276555  bd-content-element\">\n            <!--{content}-->\n                Op\u0142aty            <!--{\/content}-->\n        <\/h1>\n    <!--[\/text]-->\n                    <!--{\/content}-->\n                <\/div>\n            <\/div>\n        <\/div>\n    <!--[\/column]-->\n                        <!--{\/content}-->\n                    <\/div>\n                <\/div>\n            <\/div>\n        <\/div>\n    <!--[\/columns]-->\n\t\t\t\t<!--{\/content}-->\n\t\t\t<\/div>\n\t\t<\/section>\n\t<!--[\/section]-->\n\n\n    <!--[separator]-->\n    <style>\n.bd-separator-2129910478{margin-bottom:20px;padding:10px 0px;}<\/style>        <style>\n.bd-separator-2129910478 .bd-separator-inner:before, .bd-separator-2129910478 .bd-separator-inner:after{border-top:1px solid #333333;}<\/style>    <style>\n.bd-separator-2129910478 .bd-separator-inner{width:65%;}<\/style>\n    <div class=\" bd-separator-2129910478  bd-separator-center bd-separator-content-center clearfix\">\n        <div class=\"bd-container-inner\">\n            <div class=\"bd-separator-inner\">\n                                <!--{content}--><!--{\/content}-->\n            <\/div>\n        <\/div>\n    <\/div>\n    <!--[\/separator]-->\n\n    \n    <!--[columns]-->\n        <style>\n.bd-layoutcontainer-1683936535  > .bd-container-inner > .container-fluid:after{display:none;}<\/style><style>\n.bd-layoutcontainer-1683936535 > .bd-container-inner > .container-fluid, .bd-layoutcontainer-1683936535 > .bd-container-inner > .container-fluid > .row{height:100%;}<\/style><style>.bd-layoutcontainer-1683936535 > .bd-container-inner > .container-fluid {padding-left: 0; padding-right: 0;}<\/style>        <style>\n.bd-layoutcolumn-1999281753{margin-right:40px;margin-left:40px;}<\/style>        <div class=\" bd-layoutcontainer-1683936535  bd-columns bd-no-margins\">\n            <div class=\"bd-container-inner\">\n                <div class=\"container-fluid\">\n                    <div class=\"row bd-row-flex bd-row-align-middle\">\n                        <!--{content}-->\n                                <!--[column]-->\n        <div class=\"col-xs-12 bd-columnwrapper-1999281753\">\n            <div class=\"bd-column  bd-layoutcolumn-1999281753  bd-no-margins\">\n                <div class=\"bd-vertical-align-wrapper\">\n                    <!--{content}-->\n                            <!--[text]-->\n        <style>\n.additional-class-2100743893{\n\ttext-align:  justify;\n\tcolor:  #333333;\n}\n<\/style>        <p class=\" additional-class-2100743893  bd-content-element\">\n            <!--{content}-->\n                Op\u0142aty za wykonywane czynno\u015bci notarialne podawane s\u0105 indywidualnie. W celu ich&nbsp;obliczenia prosz\u0119 o kontakt z Kancelari\u0105 pod wskazanymi numerami telefonu lub&nbsp;adresami mailowymi.<span><br><\/span>            <!--{\/content}-->\n        <\/p>\n    <!--[\/text]-->\n\n\t\n\t\t    <!--[text]-->\n        <style>\n.additional-class-1431642338{height:50px;}\n@media (max-width: 767px) {.additional-class-1431642338{margin-bottom:-66px;height:240px;}}\n.additional-class-1431642338{\n\ttext-align:  justify;\n\tcolor:  #333333;\n}\n<\/style>        <p class=\" additional-class-1431642338  bd-content-element\">\n            <!--{content}-->\n                Za wykonywane czynno\u015bci notarialne, notariusz pobiera taks\u0119 notarialn\u0105 zgodnie z&nbsp;Rozporz\u0105dzeniem Ministra Sprawiedliwo\u015bci z dnia 28 czerwca 2004 roku w sprawie&nbsp;maksymalnych stawek taksy notarialnej, powi\u0119kszone o nale\u017cny podatek od towar\u00f3w&nbsp;i us\u0142ug w stawce 23%.&nbsp;<span><br><\/span>            <!--{\/content}-->\n        <\/p>\n    <!--[\/text]-->\n\n\t\n\t\t    <!--[text]-->\n        <style>\n@media (max-width: 767px) {.additional-class-2024428214{margin-top:-66px;}}\n.additional-class-2024428214{\n\ttext-align:  justify;\n\tcolor:  #333333;\n}\n<\/style>        <p class=\" additional-class-2024428214  bd-content-element\">\n            <!--{content}-->\n                Opr\u00f3cz taksy notarialnej notariusz pobiera jako p\u0142atnik podatek od czynno\u015bci&nbsp;cywilnoprawnych i podatek od spadk\u00f3w i darowizn, op\u0142aty s\u0105dowe od&nbsp;wnioskowanych wpis\u00f3w do ksi\u0105g wieczystych, a tak\u017ce op\u0142aty od wpisu do Rejestru&nbsp;Spadkowego, zgodnie ze stawkami okre\u015blonymi w obowi\u0105zuj\u0105cych na dzie\u0144&nbsp;dokonania czynno\u015bci przepis\u00f3w. Pobrane op\u0142aty i podatki notariusz odprowadza na&nbsp;konta w\u0142a\u015bciwych instytucji w terminach okre\u015blonych przepisami.            <!--{\/content}-->\n        <\/p>\n    <!--[\/text]-->\n\n\t\n\t\t    <!--[text]-->\n        <style>\n.additional-class-461825911{\n\ttext-align:  justify;\n\ttext-decoration:  solid #555555;\n\tcolor:  #333333;\n}\n<\/style>        <p class=\" additional-class-461825911  bd-content-element\">\n            <!--{content}-->\n                P\u0142atno\u015bci: kancelaria przyjmuje p\u0142atno\u015bci:\n<br>- got\u00f3wk\u0105, po dokonaniu czynno\u015bci notarialnych,<br>- kart\u0105 p\u0142atnicz\u0105,&nbsp;w przypadku poboru za&nbsp;dokonywan\u0105 czynno\u015b\u0107 jedynie taksy notarialnej (bez poboru op\u0142at s\u0105dowych i podatk\u00f3w),<br>- przelewem na rachunek Kancelarii wskazany poni\u017cej, w przypadku poboru obok&nbsp;taksy notarialnej tak\u017ce podatk\u00f3w i op\u0142at s\u0105dowych, jednak\u017ce w takim przypadku&nbsp;op\u0142aty nale\u017cne za dokonanie czynno\u015bci powinny zosta\u0107 zaksi\u0119gowane na koncie&nbsp;Kancelarii przed dokonaniem czynno\u015bci,\n<br>- przelewem na rachunek Kancelarii wskazany poni\u017cej, w przypadku poboru za&nbsp;dokonywan\u0105 czynno\u015b\u0107 jedynie taksy notarialnej, jednak\u017ce w takim przypadku op\u0142aty&nbsp;nale\u017cy dokona\u0107 w formie przelewu natychmiastowego, niezw\u0142ocznie po dokonaniu&nbsp;czynno\u015bci.<br><span><br><\/span>            <!--{\/content}-->\n        <\/p>\n    <!--[\/text]-->\n\n\t\n\t\t    <!--[text]-->\n        <style>\n.additional-class-1014225955{\n\ttext-decoration:  solid #555555 underline;\n\tcolor:  #333333;\n}\n<\/style>        <p class=\" additional-class-1014225955  bd-content-element\">\n            <!--{content}-->\n                Nr Rachunku Kancelarii: 44 1050 1445 1000 0097 5244 0363<br style=\"text-align: justify;\"><br>            <!--{\/content}-->\n        <\/p>\n    <!--[\/text]-->\n                    <!--{\/content}-->\n                <\/div>\n            <\/div>\n        <\/div>\n    <!--[\/column]-->\n                        <!--{\/content}-->\n                    <\/div>\n                <\/div>\n            <\/div>\n        <\/div>\n    <!--[\/columns]-->\n\n","protected":false},"excerpt":{"rendered":"","protected":false},"author":1,"featured_media":0,"parent":0,"menu_order":5,"comment_status":"closed","ping_status":"closed","template":"","meta":{"footnotes":""},"class_list":["post-9","page","type-page","status-publish","hentry"],"_links":{"self":[{"href":"https:\/\/notariuszkrol.pl\/index.php\/wp-json\/wp\/v2\/pages\/9","targetHints":{"allow":["GET"]}}],"collection":[{"href":"https:\/\/notariuszkrol.pl\/index.php\/wp-json\/wp\/v2\/pages"}],"about":[{"href":"https:\/\/notariuszkrol.pl\/index.php\/wp-json\/wp\/v2\/types\/page"}],"author":[{"embeddable":true,"href":"https:\/\/notariuszkrol.pl\/index.php\/wp-json\/wp\/v2\/users\/1"}],"replies":[{"embeddable":true,"href":"https:\/\/notariuszkrol.pl\/index.php\/wp-json\/wp\/v2\/comments?post=9"}],"version-history":[{"count":18,"href":"https:\/\/notariuszkrol.pl\/index.php\/wp-json\/wp\/v2\/pages\/9\/revisions"}],"predecessor-version":[{"id":158,"href":"https:\/\/notariuszkrol.pl\/index.php\/wp-json\/wp\/v2\/pages\/9\/revisions\/158"}],"wp:attachment":[{"href":"https:\/\/notariuszkrol.pl\/index.php\/wp-json\/wp\/v2\/media?parent=9"}],"curies":[{"name":"wp","href":"https:\/\/api.w.org\/{rel}","templated":true}]}}