{"id":2,"date":"2022-03-31T19:47:03","date_gmt":"2022-03-31T17:47:03","guid":{"rendered":"https:\/\/notariuszkrol.pl\/?page_id=2"},"modified":"2025-03-13T16:23:27","modified_gmt":"2025-03-13T15:23:27","slug":"kontakt","status":"publish","type":"page","link":"https:\/\/notariuszkrol.pl\/index.php\/kontakt\/","title":{"rendered":"Kontakt"},"content":{"rendered":"    <!--[section]-->\n\t\t<style>\n.bd-section-627348124{background-color:#f5f5f5;padding-bottom:2em;padding-top:2em;}\n.bd-section-627348124{\n\tline-height:  23.8px;\n\tcolor:  #555555;\n\tfont-size:  14px;\n\tfont-weight:  400;\n}\n.bd-section-627348124 a{\n\tcolor:  #1bbb9b;\n}\n.bd-section-627348124 a:hover{\n\tcolor:  #333333;\n}\n.bd-section-627348124 h3{\n\tline-height:  25.71428572px;\n\tfont-weight:  600;\n\tfont-size:  18px;\n\tcolor:  #000000;\n}\n.bd-section-627348124 h1{\n\tline-height:  51.42857144px;\n\tfont-size:  36px;\n}\n<\/style>\t\t<section id=section4 class=\" bd-section-627348124  bd-tagstyles\" data-section-title=\"Contact Us Three Columns With Header\">\n\t\t\t<div class=\"bd-container-inner bd-margins clearfix\">\n\t\t\t\t<!--{content}-->\n\t\t\t\t\t    <!--[columns]-->\n        <style>\n.bd-layoutcontainer-634605683 > .bd-container-inner > .container-fluid > .row{height:calc(100%);margin:0px;}\n.bd-layoutcontainer-634605683 > .bd-container-inner > .container-fluid > .row > div{padding:0px;}\n.bd-layoutcontainer-634605683  > .bd-container-inner > .container-fluid:after{display:none;}<\/style><style>\n.bd-layoutcontainer-634605683 > .bd-container-inner > .container-fluid, .bd-layoutcontainer-634605683 > .bd-container-inner > .container-fluid > .row{height:100%;}<\/style><style>.bd-layoutcontainer-634605683 > .bd-container-inner > .container-fluid {padding-left: 0; padding-right: 0;margin-left: 0!important; margin-right: 0!important;}<\/style>        <style>\n.bd-layoutcolumn-535187123{\n\ttext-align:  center;\n}\n\n\n.bd-layoutcolumn-1975345692{padding:0em 1em;}\n@media (max-width: 991px) {.bd-layoutcolumn-1975345692{padding:1em;}}\n@media (max-width: 767px) {.bd-layoutcolumn-1975345692{\n\ttext-align:  center;\n}\n}\n\n.bd-layoutcolumn-1921660917{padding:1em;}\n@media (max-width: 767px) {.bd-layoutcolumn-1921660917{\n\ttext-align:  center;\n}\n}\n\n.bd-layoutcolumn-1906396276{background-color:#dddddd;padding:10px;}\n@media (max-width: 991px) {.bd-layoutcolumn-1906396276{\n\ttext-align:  left;\n}\n}\n@media (max-width: 767px) {.bd-layoutcolumn-1906396276{\n\ttext-align:  center;\n}\n}<\/style>        <div class=\" bd-layoutcontainer-634605683  bd-columns bd-no-margins\">\n            <div class=\"bd-container-inner\">\n                <div class=\"container-fluid\">\n                    <div class=\"row bd-row-flex bd-row-align-top\">\n                        <!--{content}-->\n                                <!--[column]-->\n        <div class=\"col-xs-12 bd-columnwrapper-535187123\">\n            <div class=\"bd-column  bd-layoutcolumn-535187123 \">\n                <div class=\"bd-vertical-align-wrapper\">\n                    <!--{content}-->\n                            <!--[text]-->\n        <style>\nh1.additional-class-1618674457{\n\tcolor:  #0c3240;\n}\n<\/style>        <h1 class=\" additional-class-1618674457  bd-content-element\">\n            <!--{content}-->\n                Skontaktuj si\u0119 z nami            <!--{\/content}-->\n        <\/h1>\n    <!--[\/text]-->\n\n\t\n\t\t\n    <!--[separator]-->\n    <style>\n.bd-separator-1377451158{padding-top:10px;padding-bottom:10px;}<\/style>        <style>\n.bd-separator-1377451158 .bd-separator-inner:before, .bd-separator-1377451158 .bd-separator-inner:after{border-top:4px solid #b8b8b8;}<\/style>    <style>\n.bd-separator-1377451158 .bd-separator-inner{width:70px;}<\/style>\n    <div class=\" bd-separator-1377451158  bd-separator-center bd-separator-content-center clearfix\">\n        <div class=\"bd-container-inner\">\n            <div class=\"bd-separator-inner\">\n                                <!--{content}--><!--{\/content}-->\n            <\/div>\n        <\/div>\n    <\/div>\n    <!--[\/separator]-->\n\n                        <!--{\/content}-->\n                <\/div>\n            <\/div>\n        <\/div>\n    <!--[\/column]-->\n\n\t\n\t\t    <!--[column]-->\n        <div class=\"col-md-4 col-sm-6 bd-columnwrapper-1975345692\">\n            <div class=\"bd-column  bd-layoutcolumn-1975345692 \">\n                <div class=\"bd-vertical-align-wrapper\">\n                    <!--{content}-->\n                            <!--[text]-->\n        <style>\nh3.additional-class-1227377541{\n\tfont-weight:  normal;\n}\n<\/style>        <h3 class=\" additional-class-1227377541  bd-content-element\">\n            <!--{content}-->\n                <span id=\"docs-internal-guid-87fb36e2-7fff-692b-63ed-7a26190ff8ba\">Godziny otwarcia kancelarii:<\/span>            <!--{\/content}-->\n        <\/h3>\n    <!--[\/text]-->\n\n\t\n\t\t    <!--[text]-->\n        <style>\n.additional-class-1509473525{width:453px;height:70px;}\n.additional-class-1509473525{\n\tline-height:  20.00000001px;\n\tfont-size:  14px;\n\tcolor:  #333333;\n}\n<\/style>        <p class=\" additional-class-1509473525  bd-content-element\">\n            <!--{content}-->\n                <span id=\"docs-internal-guid-428212d9-7fff-9653-3ad7-8dcc16d87669\">Poniedzia\u0142ek - Pi\u0105tek: 09:00 - 17:00<\/span>\n<br><br>            <!--{\/content}-->\n        <\/p>\n    <!--[\/text]-->\n\n\t\n\t\t    <!--[text]-->\n        <style>\n.additional-class-103901163{\n\tcolor:  #333333;\n}\n<\/style>        <p class=\" additional-class-103901163  bd-content-element\">\n            <!--{content}-->\n                <span id=\"docs-internal-guid-5e706178-7fff-7d10-1a88-36cae15d0ba7\">Po wcze\u015bniejszym uzgodnieniu, istnieje mo\u017cliwo\u015b\u0107 dokonania czynno\u015bci poza wskazanymi godzinami otwarcia Kancelarii.<\/span>            <!--{\/content}-->\n        <\/p>\n    <!--[\/text]-->\n\n\t\n\t\t\n    <!--[separator]-->\n    <style>\n.bd-separator-1122891742{padding:10px 0px;}<\/style>        <style>\n.bd-separator-1122891742 .bd-separator-inner:before, .bd-separator-1122891742 .bd-separator-inner:after{border-top:1px solid #0c3240;}<\/style>    <style>\n.bd-separator-1122891742 .bd-separator-inner{width:75%;}<\/style>\n    <div class=\" bd-separator-1122891742  bd-separator-center bd-separator-content-center clearfix\">\n        <div class=\"bd-container-inner\">\n            <div class=\"bd-separator-inner\">\n                                <!--{content}--><!--{\/content}-->\n            <\/div>\n        <\/div>\n    <\/div>\n    <!--[\/separator]-->\n\n    \n\t\n\t\t    <!--[text]-->\n        <style>\n.additional-class-1656367023{\n\ttext-align:  justify;\n\tcolor:  #333333;\n}\n<\/style>        <p class=\" additional-class-1656367023  bd-content-element\">\n            <!--{content}-->\n                <span id=\"docs-internal-guid-e1f864f7-7fff-c75d-3909-e47868385792\"><b>Okolica i dojazd komunikacj\u0105 miejsk\u0105:&nbsp;<\/b><\/span>\nSiedziba kancelarii znajduje si\u0119 w budynku Biurowca Czy\u017cyny, usytuowanym pomi\u0119dzy Rondem Czy\u017cy\u0144skim, Al. Jana Paw\u0142a II, a Dworcem Autobusowym Czy\u017cyny i Centrum Handlowym Nowe Czy\u017cyny - CH Carrefour.\nDojazd autobusem miejskim: nale\u017cy wysi\u0105\u015b\u0107 na Dworcu Autobusowym Czy\u017cyny lub w okolicy.\nDojazd tramwajem miejskim: nale\u017cy wysi\u0105\u015b\u0107 na przystankach: Rondo Czy\u017cy\u0144skie lub Bie\u0144czycka.\n<b><br>Osoby niepe\u0142nosprawne: <\/b>zar\u00f3wno Kancelaria jak i budynek, w kt\u00f3rym jest prowadzona, dostosowane s\u0105 do obs\u0142ugi os\u00f3b niepe\u0142nosprawnych: rampa wjazdowa do budynku od strony parkingu, winda, brak przeszk\u00f3d architektonicznych.            <!--{\/content}-->\n        <\/p>\n    <!--[\/text]-->\n\n\t\n\t\t\n    <!--[separator]-->\n    <style>\n.bd-separator-275307452{padding:10px 0px;}<\/style>        <style>\n.bd-separator-275307452 .bd-separator-inner:before, .bd-separator-275307452 .bd-separator-inner:after{border-top:1px solid #0c3240;}<\/style>    <style>\n.bd-separator-275307452 .bd-separator-inner{width:75%;}<\/style>\n    <div class=\" bd-separator-275307452  bd-separator-center bd-separator-content-center clearfix\">\n        <div class=\"bd-container-inner\">\n            <div class=\"bd-separator-inner\">\n                                <!--{content}--><!--{\/content}-->\n            <\/div>\n        <\/div>\n    <\/div>\n    <!--[\/separator]-->\n\n    \n\t\n\t\t    <!--[text]-->\n        <style>\n.additional-class-1685881912{\n\ttext-align:  justify;\n\tcolor:  #333333;\n}\n<\/style>        <p class=\" additional-class-1685881912  bd-content-element\">\n            <!--{content}-->\n                Jeste\u015bmy miejscem przyjaznym dla <b>rodzic\u00f3w z dzie\u0107mi<\/b>. W przypadku konieczno\u015bci zabrania dziecka do kancelarii, pomagamy w dora\u017anej opiece lub zapewniamy dzieciom zaj\u0119cie na czas czynno\u015bci notarialnej.            <!--{\/content}-->\n        <\/p>\n    <!--[\/text]-->\n                    <!--{\/content}-->\n                <\/div>\n            <\/div>\n        <\/div>\n    <!--[\/column]-->\n\n\t\n\t\t    <!--[column]-->\n        <div class=\"col-md-4 col-sm-6 bd-columnwrapper-1921660917\">\n            <div class=\"bd-column  bd-layoutcolumn-1921660917 \">\n                <div class=\"bd-vertical-align-wrapper\">\n                    <!--{content}-->\n                        <!--[layoutbox]--><style>\n@media (max-width: 767px) {.additional-class-1962000526{float:none;display:inline-block;}}<\/style><div class=\"clearfix  additional-class-1962000526  bd-no-margins\"><div class=\"bd-container-inner\"><!--{content}--><!--[icon]--><style>\n.additional-class-389329677{float:left;}<\/style><style>.additional-class-389329677 {\n                    text-decoration: inherit;\n\t                display: inline-block;\n\t                speak: none;\n\t            }\n\n                .additional-class-389329677:before {\n                    font-family: 'Billion Web Font';\n\t                font-style: normal;\n\t                font-weight: normal;\n\t                text-decoration: inherit;\n\t                text-align: center;\n\t                text-transform: none;\n\t                width: 1em;\n                }.additional-class-389329677:before { content: '\\288'; }.additional-class-389329677:before {width: auto; visibility: inherit;}.additional-class-389329677:before{display: inline-block;}<\/style><style>\n.additional-class-389329677:before{color:#0c3240;font-size:20px;padding-right:12px;padding-top:12px;padding-bottom:12px;line-height:28.57142858px;}\n@media (max-width: 767px) {.additional-class-389329677:before{padding:10px;}}<\/style><style>.additional-class-389329677:before{line-height: 20px;}<\/style><style>.additional-class-389329677:before {\n        vertical-align: middle;\n        text-decoration: none;\n    }<\/style><style>.additional-class-389329677:hover {\n                    text-decoration: inherit;\n\t                display: inline-block;\n\t                speak: none;\n\t            }\n\n                .additional-class-389329677:hover:before {\n                    font-family: 'Billion Web Font';\n\t                font-style: normal;\n\t                font-weight: normal;\n\t                text-decoration: inherit;\n\t                text-align: center;\n\t                text-transform: none;\n\t                width: 1em;\n                }.additional-class-389329677:hover:before {width: auto; visibility: inherit;}.additional-class-389329677:hover:before{display: inline-block;}<\/style><style>.additional-class-389329677:hover:before {\n        vertical-align: middle;\n        text-decoration: none;\n    }<\/style><span class=\"bd-icon  additional-class-389329677  bd-own-margins\"><!--{content}--><!--{\/content}--><\/span><!--[\/icon]-->\n\t\n\t\t    <!--[text]-->\n        <style>\n.additional-class-1829731143{overflow:hidden;padding-bottom:10px;padding-top:10px;margin:0px;}\n.additional-class-1829731143{\n\tcolor:  #333333;\n}\n<\/style>        <p class=\" additional-class-1829731143  bd-no-margins bd-content-element\">\n            <!--{content}-->\n                +48 786 08 07 00            <!--{\/content}-->\n        <\/p>\n    <!--[\/text]-->\n<!--{\/content}--><\/div><\/div><!--[\/layoutbox]-->\n\t\n\t\t<!--[layoutbox]--><style>\n.additional-class-1825080208{margin-top:10px;}\n@media (max-width: 767px) {.additional-class-1825080208{float:none;display:inline-block;}}<\/style><div class=\"clearfix  additional-class-1825080208  bd-no-margins\"><div class=\"bd-container-inner\"><!--{content}--><!--[icon]--><style>\n.additional-class-639704566{float:left;}<\/style><style>.additional-class-639704566 {\n                    text-decoration: inherit;\n\t                display: inline-block;\n\t                speak: none;\n\t            }\n\n                .additional-class-639704566:before {\n                    font-family: 'Billion Web Font';\n\t                font-style: normal;\n\t                font-weight: normal;\n\t                text-decoration: inherit;\n\t                text-align: center;\n\t                text-transform: none;\n\t                width: 1em;\n                }.additional-class-639704566:before { content: '\\129'; }.additional-class-639704566:before {width: auto; visibility: inherit;}.additional-class-639704566:before{display: inline-block;}<\/style><style>\n.additional-class-639704566:before{color:#0c3240;font-size:20px;padding-right:12px;padding-top:12px;padding-bottom:12px;line-height:28.57142858px;}\n@media (max-width: 767px) {.additional-class-639704566:before{padding:10px;}}<\/style><style>.additional-class-639704566:before{line-height: 20px;}<\/style><style>.additional-class-639704566:before {\n        vertical-align: middle;\n        text-decoration: none;\n    }<\/style><style>.additional-class-639704566:hover {\n                    text-decoration: inherit;\n\t                display: inline-block;\n\t                speak: none;\n\t            }\n\n                .additional-class-639704566:hover:before {\n                    font-family: 'Billion Web Font';\n\t                font-style: normal;\n\t                font-weight: normal;\n\t                text-decoration: inherit;\n\t                text-align: center;\n\t                text-transform: none;\n\t                width: 1em;\n                }.additional-class-639704566:hover:before {width: auto; visibility: inherit;}.additional-class-639704566:hover:before{display: inline-block;}<\/style><style>.additional-class-639704566:hover:before {\n        vertical-align: middle;\n        text-decoration: none;\n    }<\/style><span class=\"bd-icon  additional-class-639704566  bd-own-margins\"><!--{content}--><!--{\/content}--><\/span><!--[\/icon]-->\n\t\n\t\t    <!--[text]-->\n        <style>\n.additional-class-1853917200{overflow:hidden;margin:0px;}\n.additional-class-1853917200{\n\tcolor:  #333333;\n}\n<\/style>        <p class=\" additional-class-1853917200  bd-no-margins bd-content-element\">\n            <!--{content}-->\n                <span id=\"docs-internal-guid-ccbeaa23-7fff-d8f9-2241-70b8e158e622\">ul. Mieczys\u0142awa Medweckiego nr 7\/U6, 31-870 Krak\u00f3w<\/span>\nI pi\u0119tro, Biurowiec Czy\u017cyny, Nowa Huta            <!--{\/content}-->\n        <\/p>\n    <!--[\/text]-->\n<!--{\/content}--><\/div><\/div><!--[\/layoutbox]-->\n\t\n\t\t<!--[layoutbox]--><style>\n.additional-class-1878793585{margin-top:10px;}\n@media (max-width: 767px) {.additional-class-1878793585{float:none;display:inline-block;}}<\/style><div class=\"clearfix  additional-class-1878793585  bd-no-margins\"><div class=\"bd-container-inner\"><!--{content}--><!--[icon]--><style>\n.additional-class-496834187{float:left;}<\/style><style>.additional-class-496834187 {\n                    text-decoration: inherit;\n\t                display: inline-block;\n\t                speak: none;\n\t            }\n\n                .additional-class-496834187:before {\n                    font-family: 'Billion Web Font';\n\t                font-style: normal;\n\t                font-weight: normal;\n\t                text-decoration: inherit;\n\t                text-align: center;\n\t                text-transform: none;\n\t                width: 1em;\n                }.additional-class-496834187:before { content: '\\157'; }.additional-class-496834187:before {width: auto; visibility: inherit;}.additional-class-496834187:before{display: inline-block;}<\/style><style>\n.additional-class-496834187:before{color:#0c3240;font-size:20px;padding-right:12px;padding-top:12px;padding-bottom:12px;line-height:28.57142858px;}\n@media (max-width: 767px) {.additional-class-496834187:before{padding:10px;}}<\/style><style>.additional-class-496834187:before{line-height: 20px;}<\/style><style>.additional-class-496834187:before {\n        vertical-align: middle;\n        text-decoration: none;\n    }<\/style><style>.additional-class-496834187:hover {\n                    text-decoration: inherit;\n\t                display: inline-block;\n\t                speak: none;\n\t            }\n\n                .additional-class-496834187:hover:before {\n                    font-family: 'Billion Web Font';\n\t                font-style: normal;\n\t                font-weight: normal;\n\t                text-decoration: inherit;\n\t                text-align: center;\n\t                text-transform: none;\n\t                width: 1em;\n                }.additional-class-496834187:hover:before {width: auto; visibility: inherit;}.additional-class-496834187:hover:before{display: inline-block;}<\/style><style>.additional-class-496834187:hover:before {\n        vertical-align: middle;\n        text-decoration: none;\n    }<\/style><span class=\"bd-icon  additional-class-496834187  bd-own-margins\"><!--{content}--><!--{\/content}--><\/span><!--[\/icon]-->\n\t\n\t\t    <!--[text]-->\n        <style>\n.additional-class-1468730592{padding-bottom:10px;padding-top:10px;}\n.additional-class-1468730592{\n\tcolor:  #333333;\n}\n<\/style>        <p class=\" additional-class-1468730592  bd-content-element\">\n            <!--{content}-->\n                kks@notariuszkrol.pl            <!--{\/content}-->\n        <\/p>\n    <!--[\/text]-->\n\n\t\n\t\t\n    <!--[spacer]-->\n    <style>\n.bd-spacer-298048598{height:20px;}<\/style>    <div class=\" bd-spacer-298048598  clearfix\">\n        <!--{content}--><!--{\/content}-->\n    <\/div>\n    <!--[\/spacer]-->\n\n    \n\t\n\t\t<!--[image]--><style>\n.additional-class-1673746891{height:232px;width:411px;margin-left:20px;margin-right:20px;display:block;margin-bottom:0px;}<\/style><img decoding=\"async\" src=\"http:\/\/notariuszkrol.pl\/wp-content\/uploads\/2022\/08\/284f484c465b2ed1d37b82d208ed62ef_20220803_150612.jpg\" class=\" additional-class-1673746891  bd-no-margins  bd-imagestyles bd-own-margins\"><!--{content}--><!--{\/content}--><!--[\/image]--><!--{\/content}--><\/div><\/div><!--[\/layoutbox]-->                    <!--{\/content}-->\n                <\/div>\n            <\/div>\n        <\/div>\n    <!--[\/column]-->\n\n\t\n\t\t    <!--[column]-->\n        <div class=\"col-md-4 col-sm-12 bd-columnwrapper-1906396276\">\n            <div class=\"bd-column  bd-layoutcolumn-1906396276 \">\n                <div class=\"bd-vertical-align-wrapper\">\n                    <!--{content}-->\n                        <!--[fluid]--><!--{content}--><!--[html]--><style><\/style><div class=\"bd-tagstyles  additional-class-169046629 bd-page-width bd-custom-button bd-button-35-mixin\"><div class=\"bd-container-inner bd-content-element\"><!--{content}--><div role=\"form\" class=\"wpcf7\" id=\"wpcf7-f148-o1\" lang=\"pl-PL\" dir=\"ltr\">\n<div class=\"screen-reader-response\"><p role=\"status\" aria-live=\"polite\" aria-atomic=\"true\"><\/p> <ul><\/ul><\/div>\n<form action=\"\/index.php\/wp-json\/wp\/v2\/pages\/2#wpcf7-f148-o1\" method=\"post\" class=\"wpcf7-form init\" novalidate=\"novalidate\" data-status=\"init\">\n<div style=\"display: none;\">\n<input type=\"hidden\" name=\"_wpcf7\" value=\"148\" \/>\n<input type=\"hidden\" name=\"_wpcf7_version\" value=\"5.6.1\" \/>\n<input type=\"hidden\" name=\"_wpcf7_locale\" value=\"pl_PL\" \/>\n<input type=\"hidden\" name=\"_wpcf7_unit_tag\" value=\"wpcf7-f148-o1\" \/>\n<input type=\"hidden\" name=\"_wpcf7_container_post\" value=\"0\" \/>\n<input type=\"hidden\" name=\"_wpcf7_posted_data_hash\" value=\"\" \/>\n<\/div>\n<p><label> Twoje imi\u0119 i nazwisko<br \/>\n    <span class=\"wpcf7-form-control-wrap\" data-name=\"your-name\"><input type=\"text\" name=\"your-name\" value=\"\" size=\"40\" class=\"wpcf7-form-control wpcf7-text wpcf7-validates-as-required\" aria-required=\"true\" aria-invalid=\"false\" \/><\/span> <\/label><\/p>\n<p><label> Tw\u00f3j adres e-mail<br \/>\n    <span class=\"wpcf7-form-control-wrap\" data-name=\"your-email\"><input type=\"email\" name=\"your-email\" value=\"\" size=\"40\" class=\"wpcf7-form-control wpcf7-text wpcf7-email wpcf7-validates-as-required wpcf7-validates-as-email\" aria-required=\"true\" aria-invalid=\"false\" \/><\/span> <\/label><\/p>\n<p><label> Temat<br \/>\n    <span class=\"wpcf7-form-control-wrap\" data-name=\"your-subject\"><input type=\"text\" name=\"your-subject\" value=\"\" size=\"40\" class=\"wpcf7-form-control wpcf7-text wpcf7-validates-as-required\" aria-required=\"true\" aria-invalid=\"false\" \/><\/span> <\/label><\/p>\n<p><label> Twoja wiadomo\u015bci (opcjonalne)<br \/>\n    <span class=\"wpcf7-form-control-wrap\" data-name=\"your-message\"><textarea name=\"your-message\" cols=\"40\" rows=\"10\" class=\"wpcf7-form-control wpcf7-textarea\" aria-invalid=\"false\"><\/textarea><\/span> <\/label><\/p>\n<p><input type=\"submit\" value=\"Wy\u015blij\" class=\"wpcf7-form-control has-spinner wpcf7-submit\" \/><\/p>\n<div class=\"wpcf7-response-output\" aria-hidden=\"true\"><\/div><\/form><\/div><!--{\/content}--><\/div><\/div><!--[\/html]--><!--{\/content}--><!--[\/fluid]-->                    <!--{\/content}-->\n                <\/div>\n            <\/div>\n        <\/div>\n    <!--[\/column]-->\n                        <!--{\/content}-->\n                    <\/div>\n                <\/div>\n            <\/div>\n        <\/div>\n    <!--[\/columns]-->\n\t\t\t\t<!--{\/content}-->\n\t\t\t<\/div>\n\t\t<\/section>\n\t<!--[\/section]-->\n\n","protected":false},"excerpt":{"rendered":"","protected":false},"author":1,"featured_media":0,"parent":0,"menu_order":6,"comment_status":"closed","ping_status":"closed","template":"","meta":{"footnotes":""},"class_list":["post-2","page","type-page","status-publish","hentry"],"_links":{"self":[{"href":"https:\/\/notariuszkrol.pl\/index.php\/wp-json\/wp\/v2\/pages\/2","targetHints":{"allow":["GET"]}}],"collection":[{"href":"https:\/\/notariuszkrol.pl\/index.php\/wp-json\/wp\/v2\/pages"}],"about":[{"href":"https:\/\/notariuszkrol.pl\/index.php\/wp-json\/wp\/v2\/types\/page"}],"author":[{"embeddable":true,"href":"https:\/\/notariuszkrol.pl\/index.php\/wp-json\/wp\/v2\/users\/1"}],"replies":[{"embeddable":true,"href":"https:\/\/notariuszkrol.pl\/index.php\/wp-json\/wp\/v2\/comments?post=2"}],"version-history":[{"count":35,"href":"https:\/\/notariuszkrol.pl\/index.php\/wp-json\/wp\/v2\/pages\/2\/revisions"}],"predecessor-version":[{"id":165,"href":"https:\/\/notariuszkrol.pl\/index.php\/wp-json\/wp\/v2\/pages\/2\/revisions\/165"}],"wp:attachment":[{"href":"https:\/\/notariuszkrol.pl\/index.php\/wp-json\/wp\/v2\/media?parent=2"}],"curies":[{"name":"wp","href":"https:\/\/api.w.org\/{rel}","templated":true}]}}